{"id":39,"date":"2024-08-09T00:22:05","date_gmt":"2024-08-09T00:22:05","guid":{"rendered":"https:\/\/almendraldecurauma.cl\/?page_id=39"},"modified":"2024-09-09T10:59:07","modified_gmt":"2024-09-09T14:59:07","slug":"home","status":"publish","type":"page","link":"https:\/\/almendraldecurauma.cl\/","title":{"rendered":"Home"},"content":{"rendered":"\t\t<div data-elementor-type=\"wp-page\" data-elementor-id=\"39\" class=\"elementor elementor-39\" data-elementor-post-type=\"page\">\n\t\t\t\t<div class=\"elementor-element elementor-element-undefined-b3c4a50 e-flex e-con-boxed e-con e-parent\" data-id=\"undefined-b3c4a50\" data-element_type=\"container\" id=\"home\" data-settings=\"{&quot;background_background&quot;:&quot;classic&quot;}\">\n\t\t\t\t\t<div class=\"e-con-inner\">\n\t\t\t\t<div class=\"elementor-element elementor-element-undefined-26e3370 elementor-invisible elementor-widget elementor-widget-heading\" data-id=\"undefined-26e3370\" data-element_type=\"widget\" data-settings=\"{&quot;_animation&quot;:&quot;fadeIn&quot;}\" data-widget_type=\"heading.default\">\n\t\t\t\t<div class=\"elementor-widget-container\">\n\t\t\t\t\t<h1 class=\"elementor-heading-title elementor-size-default\">UN HERMOSO LUGAR PARA EL CUIDADO DEL ADULTO MAYOR<\/h1>\t\t\t\t<\/div>\n\t\t\t\t<\/div>\n\t\t\t\t<div class=\"elementor-element elementor-element-undefined-ec6c1a5 elementor-invisible elementor-widget elementor-widget-heading\" data-id=\"undefined-ec6c1a5\" data-element_type=\"widget\" data-settings=\"{&quot;_animation&quot;:&quot;fadeIn&quot;}\" data-widget_type=\"heading.default\">\n\t\t\t\t<div class=\"elementor-widget-container\">\n\t\t\t\t\t<h5 class=\"elementor-heading-title elementor-size-default\"><b>BRINDAMOS ATENCI\u00d3N DE CALIDAD PARA SUS SERES QUERIDOS<\/b><\/h5>\t\t\t\t<\/div>\n\t\t\t\t<\/div>\n\t\t\t\t<div class=\"elementor-element elementor-element-undefined-ee6fd65 elementor-align-center elementor-invisible elementor-widget elementor-widget-button\" data-id=\"undefined-ee6fd65\" data-element_type=\"widget\" data-settings=\"{&quot;_animation&quot;:&quot;fadeIn&quot;,&quot;_animation_delay&quot;:400}\" data-widget_type=\"button.default\">\n\t\t\t\t<div class=\"elementor-widget-container\">\n\t\t\t\t\t\t\t\t\t<div class=\"elementor-button-wrapper\">\n\t\t\t\t\t<a class=\"elementor-button elementor-button-link elementor-size-sm\" href=\"https:\/\/almendraldecurauma.cl\/#home2\">\n\t\t\t\t\t\t<span class=\"elementor-button-content-wrapper\">\n\t\t\t\t\t\t\t\t\t<span class=\"elementor-button-text\">Ver m\u00e1s<\/span>\n\t\t\t\t\t<\/span>\n\t\t\t\t\t<\/a>\n\t\t\t\t<\/div>\n\t\t\t\t\t\t\t\t<\/div>\n\t\t\t\t<\/div>\n\t\t\t\t\t<\/div>\n\t\t\t\t<\/div>\n\t\t<div class=\"elementor-element elementor-element-a96f667 e-flex e-con-boxed e-con e-parent\" data-id=\"a96f667\" data-element_type=\"container\" id=\"home2\" data-settings=\"{&quot;background_background&quot;:&quot;classic&quot;}\">\n\t\t\t\t\t<div class=\"e-con-inner\">\n\t\t<div class=\"elementor-element elementor-element-a45e1ff e-grid e-con-full e-con e-child\" data-id=\"a45e1ff\" data-element_type=\"container\">\n\t\t\t\t<div class=\"elementor-element elementor-element-542c266 elementor-align-center elementor-widget elementor-widget-button\" data-id=\"542c266\" data-element_type=\"widget\" data-widget_type=\"button.default\">\n\t\t\t\t<div class=\"elementor-widget-container\">\n\t\t\t\t\t\t\t\t\t<div class=\"elementor-button-wrapper\">\n\t\t\t\t\t<a class=\"elementor-button elementor-button-link elementor-size-sm\" href=\"#about-us\">\n\t\t\t\t\t\t<span class=\"elementor-button-content-wrapper\">\n\t\t\t\t\t\t\t\t\t<span class=\"elementor-button-text\">Ver m\u00e1s<\/span>\n\t\t\t\t\t<\/span>\n\t\t\t\t\t<\/a>\n\t\t\t\t<\/div>\n\t\t\t\t\t\t\t\t<\/div>\n\t\t\t\t<\/div>\n\t\t\t\t<div class=\"elementor-element elementor-element-06a41a2 elementor-invisible elementor-widget elementor-widget-heading\" data-id=\"06a41a2\" data-element_type=\"widget\" data-settings=\"{&quot;_animation&quot;:&quot;fadeIn&quot;}\" data-widget_type=\"heading.default\">\n\t\t\t\t<div class=\"elementor-widget-container\">\n\t\t\t\t\t<h5 class=\"elementor-heading-title elementor-size-default\"><p>Con a\u00f1os de experiencia, en la Casa de Reposo Almendral de Curama, ofrecemos un hermoso lugar, con exclusivos y seguros espacios interiores, \u00e1rboles frutales, huerto y amplias \u00e1reas verdes, y todas las comodidades necesarias para brindar el mejor cuidado y acompa\u00f1amiento al adulto mayor. Nuestra misi\u00f3n es velar por el bienestar f\u00edsico y emocional de nuestros residentes, con un acompa\u00f1amiento de calidad.<\/p>\n<p><strong>\u00a1Bienvenidos!<\/strong><\/p>\n<\/h5>\t\t\t\t<\/div>\n\t\t\t\t<\/div>\n\t\t\t\t<div class=\"elementor-element elementor-element-01926ac animated-slow elementor-invisible elementor-widget elementor-widget-heading\" data-id=\"01926ac\" data-element_type=\"widget\" data-settings=\"{&quot;_animation&quot;:&quot;fadeIn&quot;}\" data-widget_type=\"heading.default\">\n\t\t\t\t<div class=\"elementor-widget-container\">\n\t\t\t\t\t<h5 class=\"elementor-heading-title elementor-size-default\"><p>Ll\u00e1menos<br>\n+56 9 7863 4739<\/p>\n<\/h5>\t\t\t\t<\/div>\n\t\t\t\t<\/div>\n\t\t\t\t<\/div>\n\t\t\t\t\t<\/div>\n\t\t\t\t<\/div>\n\t\t<div class=\"elementor-element elementor-element-d62bc05 e-transform e-flex e-con-boxed e-con e-parent\" data-id=\"d62bc05\" data-element_type=\"container\" id=\"installation\" data-settings=\"{&quot;background_background&quot;:&quot;classic&quot;,&quot;shape_divider_top&quot;:&quot;mountains&quot;,&quot;_transform_skewX_effect&quot;:{&quot;unit&quot;:&quot;px&quot;,&quot;size&quot;:0,&quot;sizes&quot;:[]},&quot;shape_divider_bottom&quot;:&quot;mountains&quot;,&quot;_transform_skewX_effect_tablet&quot;:{&quot;unit&quot;:&quot;deg&quot;,&quot;size&quot;:&quot;&quot;,&quot;sizes&quot;:[]},&quot;_transform_skewX_effect_mobile&quot;:{&quot;unit&quot;:&quot;deg&quot;,&quot;size&quot;:&quot;&quot;,&quot;sizes&quot;:[]},&quot;_transform_skewY_effect&quot;:{&quot;unit&quot;:&quot;px&quot;,&quot;size&quot;:&quot;&quot;,&quot;sizes&quot;:[]},&quot;_transform_skewY_effect_tablet&quot;:{&quot;unit&quot;:&quot;deg&quot;,&quot;size&quot;:&quot;&quot;,&quot;sizes&quot;:[]},&quot;_transform_skewY_effect_mobile&quot;:{&quot;unit&quot;:&quot;deg&quot;,&quot;size&quot;:&quot;&quot;,&quot;sizes&quot;:[]}}\">\n\t\t\t\t\t<div class=\"e-con-inner\">\n\t\t\t\t<div class=\"elementor-shape elementor-shape-top\" aria-hidden=\"true\" data-negative=\"false\">\n\t\t\t<svg xmlns=\"http:\/\/www.w3.org\/2000\/svg\" viewBox=\"0 0 1000 100\" preserveAspectRatio=\"none\">\n\t<path class=\"elementor-shape-fill\" opacity=\"0.33\" d=\"M473,67.3c-203.9,88.3-263.1-34-320.3,0C66,119.1,0,59.7,0,59.7V0h1000v59.7 c0,0-62.1,26.1-94.9,29.3c-32.8,3.3-62.8-12.3-75.8-22.1C806,49.6,745.3,8.7,694.9,4.7S492.4,59,473,67.3z\"\/>\n\t<path class=\"elementor-shape-fill\" opacity=\"0.66\" d=\"M734,67.3c-45.5,0-77.2-23.2-129.1-39.1c-28.6-8.7-150.3-10.1-254,39.1 s-91.7-34.4-149.2,0C115.7,118.3,0,39.8,0,39.8V0h1000v36.5c0,0-28.2-18.5-92.1-18.5C810.2,18.1,775.7,67.3,734,67.3z\"\/>\n\t<path class=\"elementor-shape-fill\" d=\"M766.1,28.9c-200-57.5-266,65.5-395.1,19.5C242,1.8,242,5.4,184.8,20.6C128,35.8,132.3,44.9,89.9,52.5C28.6,63.7,0,0,0,0 h1000c0,0-9.9,40.9-83.6,48.1S829.6,47,766.1,28.9z\"\/>\n<\/svg>\t\t<\/div>\n\t\t\t\t<div class=\"elementor-shape elementor-shape-bottom\" aria-hidden=\"true\" data-negative=\"false\">\n\t\t\t<svg xmlns=\"http:\/\/www.w3.org\/2000\/svg\" viewBox=\"0 0 1000 100\" preserveAspectRatio=\"none\">\n\t<path class=\"elementor-shape-fill\" opacity=\"0.33\" d=\"M473,67.3c-203.9,88.3-263.1-34-320.3,0C66,119.1,0,59.7,0,59.7V0h1000v59.7 c0,0-62.1,26.1-94.9,29.3c-32.8,3.3-62.8-12.3-75.8-22.1C806,49.6,745.3,8.7,694.9,4.7S492.4,59,473,67.3z\"\/>\n\t<path class=\"elementor-shape-fill\" opacity=\"0.66\" d=\"M734,67.3c-45.5,0-77.2-23.2-129.1-39.1c-28.6-8.7-150.3-10.1-254,39.1 s-91.7-34.4-149.2,0C115.7,118.3,0,39.8,0,39.8V0h1000v36.5c0,0-28.2-18.5-92.1-18.5C810.2,18.1,775.7,67.3,734,67.3z\"\/>\n\t<path class=\"elementor-shape-fill\" d=\"M766.1,28.9c-200-57.5-266,65.5-395.1,19.5C242,1.8,242,5.4,184.8,20.6C128,35.8,132.3,44.9,89.9,52.5C28.6,63.7,0,0,0,0 h1000c0,0-9.9,40.9-83.6,48.1S829.6,47,766.1,28.9z\"\/>\n<\/svg>\t\t<\/div>\n\t\t<div class=\"elementor-element elementor-element-e33b5b6 e-con-full e-flex e-con e-child\" data-id=\"e33b5b6\" data-element_type=\"container\" data-settings=\"{&quot;background_background&quot;:&quot;slideshow&quot;,&quot;background_slideshow_gallery&quot;:[{&quot;id&quot;:159,&quot;url&quot;:&quot;https:\\\/\\\/almendraldecurauma.cl\\\/wp-content\\\/uploads\\\/2024\\\/08\\\/1e17c0e7-3c42-453d-b558-26bf6b229235.webp&quot;},{&quot;id&quot;:160,&quot;url&quot;:&quot;https:\\\/\\\/almendraldecurauma.cl\\\/wp-content\\\/uploads\\\/2024\\\/08\\\/9efa10d4-b288-482e-b4f2-c41bb9b59f92.webp&quot;},{&quot;id&quot;:161,&quot;url&quot;:&quot;https:\\\/\\\/almendraldecurauma.cl\\\/wp-content\\\/uploads\\\/2024\\\/08\\\/7f5e1380-3a10-4d35-9a57-3fcbda2a77cf.webp&quot;},{&quot;id&quot;:162,&quot;url&quot;:&quot;https:\\\/\\\/almendraldecurauma.cl\\\/wp-content\\\/uploads\\\/2024\\\/08\\\/20e58b55-d1de-42c8-9796-6b37b019a942.webp&quot;},{&quot;id&quot;:163,&quot;url&quot;:&quot;https:\\\/\\\/almendraldecurauma.cl\\\/wp-content\\\/uploads\\\/2024\\\/08\\\/234e7f78-14e0-4e5b-a317-accb0514dc96.webp&quot;}],&quot;background_slideshow_slide_duration&quot;:0,&quot;background_slideshow_slide_transition&quot;:&quot;slide_left&quot;,&quot;background_slideshow_transition_duration&quot;:8000,&quot;background_slideshow_loop&quot;:&quot;yes&quot;}\">\n\t\t\t\t<\/div>\n\t\t\t\t\t<\/div>\n\t\t\t\t<\/div>\n\t\t<div class=\"elementor-element elementor-element-2b03c396 e-flex e-con-boxed e-con e-parent\" data-id=\"2b03c396\" data-element_type=\"container\" id=\"services\" data-settings=\"{&quot;background_background&quot;:&quot;classic&quot;}\">\n\t\t\t\t\t<div class=\"e-con-inner\">\n\t\t\t\t<div class=\"elementor-element elementor-element-32bd412c animated-slow elementor-invisible elementor-widget elementor-widget-heading\" data-id=\"32bd412c\" data-element_type=\"widget\" data-settings=\"{&quot;_animation&quot;:&quot;fadeIn&quot;}\" data-widget_type=\"heading.default\">\n\t\t\t\t<div class=\"elementor-widget-container\">\n\t\t\t\t\t<h2 class=\"elementor-heading-title elementor-size-default\">Servicios<\/h2>\t\t\t\t<\/div>\n\t\t\t\t<\/div>\n\t\t<div class=\"elementor-element elementor-element-c7cf75e e-grid e-con-full e-con e-child\" data-id=\"c7cf75e\" data-element_type=\"container\">\n\t\t\t\t<div class=\"elementor-element elementor-element-6097b5a animated-slow elementor-invisible elementor-widget elementor-widget-heading\" data-id=\"6097b5a\" data-element_type=\"widget\" data-settings=\"{&quot;_animation&quot;:&quot;fadeIn&quot;}\" data-widget_type=\"heading.default\">\n\t\t\t\t<div class=\"elementor-widget-container\">\n\t\t\t\t\t<h5 class=\"elementor-heading-title elementor-size-default\"><ul>\n  <li>Cuidados integrales del paciente (asistencia en alimentaci\u00f3n y ba\u00f1o diario, seguridad del entorno)<\/li><br><li>Visita semanal de kinesi\u00f3logo (estimulaci\u00f3n respiratoria y motora)<\/li>  <li>Visita de enfermero semanal o libre petici\u00f3n<\/li><br><li>Gesti\u00f3n para controles en APS<br>  <\/li><li>Aplicaci\u00f3n mensual del \u00edndice de Katz realizado por profesional de enfermer\u00eda<\/li>\n<\/ul>\n<\/h5>\t\t\t\t<\/div>\n\t\t\t\t<\/div>\n\t\t\t\t<div class=\"elementor-element elementor-element-6d40d79 elementor-invisible elementor-widget elementor-widget-heading\" data-id=\"6d40d79\" data-element_type=\"widget\" data-settings=\"{&quot;_animation&quot;:&quot;fadeIn&quot;}\" data-widget_type=\"heading.default\">\n\t\t\t\t<div class=\"elementor-widget-container\">\n\t\t\t\t\t<h5 class=\"elementor-heading-title elementor-size-default\"><ul>\n  <li>Alimentaci\u00f3n con minutas semanales (desayuno, almuerzo, once, colaci\u00f3n)<\/li>  <li>Actividades recreativas<\/li><br><li>Servicio de lavander\u00eda<\/li><br><li>Habitaciones compartidas full equipadas (cama o catre cl\u00ednico seg\u00fan necesidad)<\/li>  <li>Habitaciones compartidas<\/li><br><li>Espacios abiertos (\u00e1rboles frutales, huerto, patio soleado)<\/li>\n<\/ul>\n<\/h5>\t\t\t\t<\/div>\n\t\t\t\t<\/div>\n\t\t\t\t<\/div>\n\t\t\t\t\t<\/div>\n\t\t\t\t<\/div>\n\t\t<div class=\"elementor-element elementor-element-4c3cac6b e-flex e-con-boxed e-con e-parent\" data-id=\"4c3cac6b\" data-element_type=\"container\" id=\"about-us\" data-settings=\"{&quot;background_background&quot;:&quot;gradient&quot;}\">\n\t\t\t\t\t<div class=\"e-con-inner\">\n\t\t<div class=\"elementor-element elementor-element-faf75d6 e-con-full e-flex e-con e-child\" data-id=\"faf75d6\" data-element_type=\"container\" data-settings=\"{&quot;background_background&quot;:&quot;slideshow&quot;,&quot;background_slideshow_gallery&quot;:[{&quot;id&quot;:133,&quot;url&quot;:&quot;https:\\\/\\\/almendraldecurauma.cl\\\/wp-content\\\/uploads\\\/2024\\\/08\\\/pro-gsq5OXpw.webp&quot;},{&quot;id&quot;:132,&quot;url&quot;:&quot;https:\\\/\\\/almendraldecurauma.cl\\\/wp-content\\\/uploads\\\/2024\\\/08\\\/pro-Io7EeVU9.webp&quot;},{&quot;id&quot;:131,&quot;url&quot;:&quot;https:\\\/\\\/almendraldecurauma.cl\\\/wp-content\\\/uploads\\\/2024\\\/08\\\/Casa-de-Reposo-El-Almendral-1.webp&quot;},{&quot;id&quot;:130,&quot;url&quot;:&quot;https:\\\/\\\/almendraldecurauma.cl\\\/wp-content\\\/uploads\\\/2024\\\/08\\\/Casa-de-Reposo-El-Almendral-4.webp&quot;},{&quot;id&quot;:129,&quot;url&quot;:&quot;https:\\\/\\\/almendraldecurauma.cl\\\/wp-content\\\/uploads\\\/2024\\\/08\\\/Casa-de-Reposo-El-Almendral-6.webp&quot;},{&quot;id&quot;:128,&quot;url&quot;:&quot;https:\\\/\\\/almendraldecurauma.cl\\\/wp-content\\\/uploads\\\/2024\\\/08\\\/Casa-de-Reposo-El-Almendral-3.webp&quot;},{&quot;id&quot;:127,&quot;url&quot;:&quot;https:\\\/\\\/almendraldecurauma.cl\\\/wp-content\\\/uploads\\\/2024\\\/08\\\/Casa-de-Reposo-El-Almendral-10.webp&quot;},{&quot;id&quot;:126,&quot;url&quot;:&quot;https:\\\/\\\/almendraldecurauma.cl\\\/wp-content\\\/uploads\\\/2024\\\/08\\\/Casa-de-Reposo-El-Almendral-8.webp&quot;}],&quot;background_slideshow_slide_duration&quot;:0,&quot;background_slideshow_transition_duration&quot;:8000,&quot;background_slideshow_loop&quot;:&quot;yes&quot;,&quot;background_slideshow_slide_transition&quot;:&quot;fade&quot;}\">\n\t\t\t\t<\/div>\n\t\t\t\t\t<\/div>\n\t\t\t\t<\/div>\n\t\t<div class=\"elementor-element elementor-element-undefined-14401fc e-flex e-con-boxed e-con e-parent\" data-id=\"undefined-14401fc\" data-element_type=\"container\" id=\"location\" data-settings=\"{&quot;background_background&quot;:&quot;classic&quot;}\">\n\t\t\t\t\t<div class=\"e-con-inner\">\n\t\t\t\t<div class=\"elementor-element elementor-element-undefined-ace238a animated-slow elementor-invisible elementor-widget elementor-widget-heading\" data-id=\"undefined-ace238a\" data-element_type=\"widget\" data-settings=\"{&quot;_animation&quot;:&quot;fadeIn&quot;}\" data-widget_type=\"heading.default\">\n\t\t\t\t<div class=\"elementor-widget-container\">\n\t\t\t\t\t<h2 class=\"elementor-heading-title elementor-size-default\">Ubicaci\u00f3n<\/h2>\t\t\t\t<\/div>\n\t\t\t\t<\/div>\n\t\t\t\t<div class=\"elementor-element elementor-element-undefined-69af925 animated-slow elementor-invisible elementor-widget elementor-widget-text-editor\" data-id=\"undefined-69af925\" data-element_type=\"widget\" data-settings=\"{&quot;_animation&quot;:&quot;fadeIn&quot;}\" data-widget_type=\"text-editor.default\">\n\t\t\t\t<div class=\"elementor-widget-container\">\n\t\t\t\t\t\t\t\t\t<p>Nos puedes encontrar en:<br \/>Cuarta del Sur 631, Curauma, Valpara\u00edso<\/p>\t\t\t\t\t\t\t\t<\/div>\n\t\t\t\t<\/div>\n\t\t<div class=\"elementor-element elementor-element-undefined-c168fa0 animated-slow e-flex e-con-boxed elementor-invisible e-con e-child\" data-id=\"undefined-c168fa0\" data-element_type=\"container\" data-settings=\"{&quot;animation&quot;:&quot;fadeIn&quot;}\">\n\t\t\t\t\t<div class=\"e-con-inner\">\n\t\t\t\t<div class=\"elementor-element elementor-element-ddc20cb elementor-widget elementor-widget-google_maps\" data-id=\"ddc20cb\" data-element_type=\"widget\" data-widget_type=\"google_maps.default\">\n\t\t\t\t<div class=\"elementor-widget-container\">\n\t\t\t\t\t\t\t<div class=\"elementor-custom-embed\">\n\t\t\t<iframe loading=\"lazy\"\n\t\t\t\t\tsrc=\"https:\/\/maps.google.com\/maps?q=Cuarta%20del%20Sur%20631%2C%20Curauma%2C%20Valpara%C3%ADso&#038;t=m&#038;z=13&#038;output=embed&#038;iwloc=near\"\n\t\t\t\t\ttitle=\"Cuarta del Sur 631, Curauma, Valpara\u00edso\"\n\t\t\t\t\taria-label=\"Cuarta del Sur 631, Curauma, Valpara\u00edso\"\n\t\t\t><\/iframe>\n\t\t<\/div>\n\t\t\t\t\t\t<\/div>\n\t\t\t\t<\/div>\n\t\t\t\t\t<\/div>\n\t\t\t\t<\/div>\n\t\t\t\t\t<\/div>\n\t\t\t\t<\/div>\n\t\t<div class=\"elementor-element elementor-element-f5bce96 e-flex e-con-boxed e-con e-parent\" data-id=\"f5bce96\" data-element_type=\"container\" id=\"contact\" data-settings=\"{&quot;background_background&quot;:&quot;classic&quot;}\">\n\t\t\t\t\t<div class=\"e-con-inner\">\n\t\t<div class=\"elementor-element elementor-element-546a089 e-con-full e-flex e-con e-child\" data-id=\"546a089\" data-element_type=\"container\">\n\t\t\t\t<div class=\"elementor-element elementor-element-729235b elementor-invisible elementor-widget elementor-widget-heading\" data-id=\"729235b\" data-element_type=\"widget\" data-settings=\"{&quot;_animation&quot;:&quot;fadeIn&quot;}\" data-widget_type=\"heading.default\">\n\t\t\t\t<div class=\"elementor-widget-container\">\n\t\t\t\t\t<h5 class=\"elementor-heading-title elementor-size-default\"><div style=\"font-family: 'Open Sans', Arial, sans-serif;font-size: 16px;font-weight: 400;text-align: center;margin: 0px;padding: 0px;border: 0px;background-image: initial;background-position: 50% 50%;background-size: cover;background-repeat: no-repeat;vertical-align: baseline;line-height: 1.8em\">\n    <div style=\"margin: 0px;padding: 0px;border: 0px;background: 0px 0px;vertical-align: baseline\">\n        <h4 style=\"margin: 0px;padding: 0px 0px 10px;border: 0px;background: 0px 0px;font-size: 36px;font-weight: bold;vertical-align: baseline;line-height: 1em\">\n            Contacto:<\/h4>\n        <p style=\"margin: 0px;padding: 0px;border: 0px;background: 0px 0px;vertical-align: baseline;line-height: 1.8em;color: #8BBE45\">\n            +56 9 78634739<br>almendraldecurauma@gmail.com\n        <\/p>\n    <\/div>\n<\/div>\n<\/h5>\t\t\t\t<\/div>\n\t\t\t\t<\/div>\n\t\t\t\t<\/div>\n\t\t<div class=\"elementor-element elementor-element-452d33c e-con-full e-flex e-con e-child\" data-id=\"452d33c\" data-element_type=\"container\">\n\t\t\t\t<div class=\"elementor-element elementor-element-9567985 elementor-invisible elementor-widget elementor-widget-shortcode\" data-id=\"9567985\" data-element_type=\"widget\" data-settings=\"{&quot;_animation&quot;:&quot;fadeIn&quot;}\" data-widget_type=\"shortcode.default\">\n\t\t\t\t<div class=\"elementor-widget-container\">\n\t\t\t\t\t\t\t<div class=\"elementor-shortcode\">\n<div class=\"wpcf7 no-js\" id=\"wpcf7-f174-o1\" lang=\"es-CL\" dir=\"ltr\" data-wpcf7-id=\"174\">\n<div class=\"screen-reader-response\"><p role=\"status\" aria-live=\"polite\" aria-atomic=\"true\"><\/p> <ul><\/ul><\/div>\n<form action=\"\/index.php?rest_route=%2Fwp%2Fv2%2Fpages%2F39#wpcf7-f174-o1\" method=\"post\" class=\"wpcf7-form init\" aria-label=\"Formulario de contacto\" novalidate=\"novalidate\" data-status=\"init\">\n<div style=\"display: none;\">\n<input type=\"hidden\" name=\"_wpcf7\" value=\"174\" \/>\n<input type=\"hidden\" name=\"_wpcf7_version\" value=\"6.0.6\" \/>\n<input type=\"hidden\" name=\"_wpcf7_locale\" value=\"es_CL\" \/>\n<input type=\"hidden\" name=\"_wpcf7_unit_tag\" value=\"wpcf7-f174-o1\" \/>\n<input type=\"hidden\" name=\"_wpcf7_container_post\" value=\"0\" \/>\n<input type=\"hidden\" name=\"_wpcf7_posted_data_hash\" value=\"\" \/>\n<\/div>\n<p><br \/>\n<span class=\"wpcf7-form-control-wrap\" data-name=\"your-name\"><input size=\"40\" maxlength=\"400\" class=\"wpcf7-form-control wpcf7-text wpcf7-validates-as-required\" aria-required=\"true\" aria-invalid=\"false\" placeholder=\"Nombre\" value=\"\" type=\"text\" name=\"your-name\" \/><\/span>\n<\/p>\n<p><br \/>\n<span class=\"wpcf7-form-control-wrap\" data-name=\"your-phone\"><input size=\"40\" maxlength=\"400\" class=\"wpcf7-form-control wpcf7-tel wpcf7-validates-as-required wpcf7-text wpcf7-validates-as-tel\" aria-required=\"true\" aria-invalid=\"false\" placeholder=\"Tel\u00e9fono\" value=\"\" type=\"tel\" name=\"your-phone\" \/><\/span>\n<\/p>\n<p><br \/>\n<span class=\"wpcf7-form-control-wrap\" data-name=\"your-email\"><input size=\"40\" maxlength=\"400\" class=\"wpcf7-form-control wpcf7-email wpcf7-validates-as-required wpcf7-text wpcf7-validates-as-email\" aria-required=\"true\" aria-invalid=\"false\" placeholder=\"Correo electr\u00f3nico\" value=\"\" type=\"email\" name=\"your-email\" \/><\/span>\n<\/p>\n<p><br \/>\n<span class=\"wpcf7-form-control-wrap\" data-name=\"your-message\"><textarea cols=\"40\" rows=\"10\" maxlength=\"2000\" class=\"wpcf7-form-control wpcf7-textarea\" aria-invalid=\"false\" placeholder=\"Mensaje\" name=\"your-message\"><\/textarea><\/span>\n<\/p>\n<p><br \/>\n<input class=\"wpcf7-form-control wpcf7-submit has-spinner\" type=\"submit\" value=\"Enviar\" \/>\n<\/p><div class=\"wpcf7-response-output\" aria-hidden=\"true\"><\/div>\n<\/form>\n<\/div>\n<\/div>\n\t\t\t\t\t\t<\/div>\n\t\t\t\t<\/div>\n\t\t\t\t<\/div>\n\t\t<div class=\"elementor-element elementor-element-ba53b95 e-con-full e-flex e-con e-child\" data-id=\"ba53b95\" data-element_type=\"container\">\n\t\t\t\t<div class=\"elementor-element elementor-element-d8bbf38 elementor-invisible elementor-widget elementor-widget-heading\" data-id=\"d8bbf38\" data-element_type=\"widget\" data-settings=\"{&quot;_animation&quot;:&quot;fadeIn&quot;}\" data-widget_type=\"heading.default\">\n\t\t\t\t<div class=\"elementor-widget-container\">\n\t\t\t\t\t<h2 class=\"elementor-heading-title elementor-size-default\"><div style=\", Arial, sans-serif;font-size: 16px;font-weight: 400;text-align: center;margin: 0px;padding: 0px;border: 0px;background-image: initial;background-position: 50% 50%;background-size: cover;background-repeat: no-repeat;vertical-align: baseline;line-height: 1.8em\"><div style=\"margin: 0px;padding: 0px;border: 0px;background: 0px 0px;vertical-align: baseline\"><h4 style=\"margin: 0px;padding: 0px 0px 10px;border: 0px;background: 0px 0px;font-size: 18px;vertical-align: baseline;line-height: 1em\">Horarios de Visita:<\/h4><p style=\"margin: 0px;padding: 0px;border: 0px;background: 0px 0px;vertical-align: baseline;line-height: 1.8em\">Lunes a Domingo de<br>10:00 hrs. a 19:00 hrs.<\/p><\/div><br><\/div><p><br><\/p><div style=\", Arial, sans-serif;font-size: 16px;font-weight: 400;text-align: center;margin: 0px;padding: 0px;border: 0px;background-image: initial;background-position: 50% 50%;background-size: cover;background-repeat: no-repeat;vertical-align: baseline;line-height: 1.8em\"><div style=\"margin: 0px;padding: 0px;border: 0px;background: 0px 0px;vertical-align: baseline\"><h4 style=\"margin: 0px;padding: 0px 0px 10px;border: 0px;background: 0px 0px;font-size: 18px;vertical-align: baseline;line-height: 1em\">Valores y Medios de Pago:<\/h4><p style=\"margin: 0px;padding: 0px;border: 0px;background: 0px 0px;vertical-align: baseline;line-height: 1.8em\">Desde los $850.000 mensuales<\/p><\/div><\/div><\/h2>\t\t\t\t<\/div>\n\t\t\t\t<\/div>\n\t\t\t\t<\/div>\n\t\t\t\t\t<\/div>\n\t\t\t\t<\/div>\n\t\t\t\t<\/div>\n\t\t","protected":false},"excerpt":{"rendered":"<p>UN HERMOSO LUGAR PARA EL CUIDADO DEL ADULTO MAYOR BRINDAMOS ATENCI\u00d3N DE CALIDAD PARA SUS SERES QUERIDOS Ver m\u00e1s Ver m\u00e1s Con a\u00f1os de experiencia, en la Casa de Reposo Almendral de Curama, ofrecemos un hermoso lugar, con exclusivos y seguros espacios interiores, \u00e1rboles frutales, huerto y amplias \u00e1reas verdes, y todas las comodidades necesarias [&hellip;]<\/p>\n","protected":false},"author":1,"featured_media":0,"parent":0,"menu_order":0,"comment_status":"closed","ping_status":"closed","template":"elementor_header_footer","meta":{"footnotes":""},"class_list":["post-39","page","type-page","status-publish","hentry"],"_links":{"self":[{"href":"https:\/\/almendraldecurauma.cl\/index.php?rest_route=\/wp\/v2\/pages\/39","targetHints":{"allow":["GET"]}}],"collection":[{"href":"https:\/\/almendraldecurauma.cl\/index.php?rest_route=\/wp\/v2\/pages"}],"about":[{"href":"https:\/\/almendraldecurauma.cl\/index.php?rest_route=\/wp\/v2\/types\/page"}],"author":[{"embeddable":true,"href":"https:\/\/almendraldecurauma.cl\/index.php?rest_route=\/wp\/v2\/users\/1"}],"replies":[{"embeddable":true,"href":"https:\/\/almendraldecurauma.cl\/index.php?rest_route=%2Fwp%2Fv2%2Fcomments&post=39"}],"version-history":[{"count":250,"href":"https:\/\/almendraldecurauma.cl\/index.php?rest_route=\/wp\/v2\/pages\/39\/revisions"}],"predecessor-version":[{"id":454,"href":"https:\/\/almendraldecurauma.cl\/index.php?rest_route=\/wp\/v2\/pages\/39\/revisions\/454"}],"wp:attachment":[{"href":"https:\/\/almendraldecurauma.cl\/index.php?rest_route=%2Fwp%2Fv2%2Fmedia&parent=39"}],"curies":[{"name":"wp","href":"https:\/\/api.w.org\/{rel}","templated":true}]}}